{"id":216,"date":"2018-06-25T07:47:40","date_gmt":"2018-06-25T07:47:40","guid":{"rendered":"http:\/\/watercleanonline.fr\/?page_id=216"},"modified":"2022-07-18T16:51:51","modified_gmt":"2022-07-18T16:51:51","slug":"etude-de-la-filiere-dassainissement","status":"publish","type":"page","link":"https:\/\/watercleanonline.fr\/?page_id=216","title":{"rendered":"Etude de la fili\u00e8re d&rsquo;assainissement"},"content":{"rendered":"<h2>Pr\u00e9sentation<\/h2>\n<p>Votre habitation ne peut pas \u00eatre raccord\u00e9e au r\u00e9seau d\u2019assainissement collectif, une \u00e9tude d\u2019assainissement est n\u00e9cessaire ?<br \/>\nWater Clean Online vous accompagne dans la conception d\u2019un syst\u00e8me adapt\u00e9 \u00e0 vos projets tout en tenant compte de votre environnement (type de sol, topographie, contexte hydrographique, \u2026).<\/p>\n<h4>WaterCleanOnline s&rsquo;engage :<\/h4>\n<p>\u00c0 d\u00e9finir avec vous, lors de la visite terrain, la meilleure fili\u00e8re \u00e0 mettre en place sur votre parcelle, traditionnelle ou agr\u00e9\u00e9e (microstation ou filtre compact).<\/p>\n<p>\u00c0 vous fournir l\u2019ensemble des documents n\u00e9cessaire \u00e0 l\u2019obtention de l\u2019avis du SPANC :<br \/>\n1. Un rapport d\u2019\u00e9tude d\u00e9taill\u00e9e conforme au DTU P16-006 ainsi qu\u2019aux diff\u00e9rentes chartes d\u2019assainissements comprenant :<\/p>\n<p>&#8211; une recherche bibliographique de votre environnement<br \/>\n&#8211; un plan de masse d\u00e9taill\u00e9 des ouvrages \u00e0 mettre en place<br \/>\n&#8211; un relev\u00e9 topographique<br \/>\n&#8211; des sondages de sol<br \/>\n&#8211; des tests de perm\u00e9abilit\u00e9<br \/>\n&#8211; des conseils techniques pour la r\u00e9alisation des travaux<\/p>\n<p>2. Un dossier complet pour le SPANC<br \/>\n3. Un proc\u00e8s-verbal \u00e0 compl\u00e9ter avec l\u2019entreprise qui r\u00e9alise les travaux<\/p>\n<p>\u00c0 vous accompagner lors de la r\u00e9alisation des travaux.<\/p>\n<p><img fetchpriority=\"high\" decoding=\"async\" width=\"320\" height=\"191\" src=\"http:\/\/watercleanonline.fr\/wp-content\/uploads\/2017\/09\/livret.png\" alt=\"\" srcset=\"http:\/\/watercleanonline.fr\/wp-content\/uploads\/2017\/09\/livret.png 320w, http:\/\/watercleanonline.fr\/wp-content\/uploads\/2017\/09\/livret-300x179.png 300w\" sizes=\"(max-width: 320px) 100vw, 320px\"><\/p>\n\n<div class=\"wpcf7 no-js\" id=\"wpcf7-f283-o1\" lang=\"fr-FR\" dir=\"ltr\" data-wpcf7-id=\"283\">\n<div class=\"screen-reader-response\"><p role=\"status\" aria-live=\"polite\" aria-atomic=\"true\"><\/p> <ul><\/ul><\/div>\n<form action=\"\/index.php?rest_route=%2Fwp%2Fv2%2Fpages%2F216#wpcf7-f283-o1\" method=\"post\" class=\"wpcf7-form init\" aria-label=\"Formulaire de contact\" novalidate=\"novalidate\" data-status=\"init\">\n<fieldset class=\"hidden-fields-container\"><input type=\"hidden\" name=\"_wpcf7\" value=\"283\" \/><input type=\"hidden\" name=\"_wpcf7_version\" value=\"6.1.5\" \/><input type=\"hidden\" name=\"_wpcf7_locale\" value=\"fr_FR\" \/><input type=\"hidden\" name=\"_wpcf7_unit_tag\" value=\"wpcf7-f283-o1\" \/><input type=\"hidden\" name=\"_wpcf7_container_post\" value=\"0\" \/><input type=\"hidden\" name=\"_wpcf7_posted_data_hash\" value=\"\" \/><input type=\"hidden\" name=\"_wpcf7_recaptcha_response\" value=\"\" \/>\n<\/fieldset>\n<p><label> Votre nom (obligatoire)<br \/>\n<span class=\"wpcf7-form-control-wrap\" data-name=\"your-name\"><input size=\"40\" maxlength=\"400\" class=\"wpcf7-form-control wpcf7-text wpcf7-validates-as-required\" aria-required=\"true\" aria-invalid=\"false\" value=\"\" type=\"text\" name=\"your-name\" \/><\/span> <\/label>\n<\/p>\n<p><label> Votre pr\u00e9nom (obligatoire)<br \/>\n<span class=\"wpcf7-form-control-wrap\" data-name=\"your-firstname\"><input size=\"40\" maxlength=\"400\" class=\"wpcf7-form-control wpcf7-text wpcf7-validates-as-required\" aria-required=\"true\" aria-invalid=\"false\" value=\"\" type=\"text\" name=\"your-firstname\" \/><\/span> <\/label>\n<\/p>\n<p><label> Votre adresse de messagerie (obligatoire)<br \/>\n<span class=\"wpcf7-form-control-wrap\" data-name=\"email-43\"><input size=\"40\" maxlength=\"400\" class=\"wpcf7-form-control wpcf7-email wpcf7-validates-as-required wpcf7-text wpcf7-validates-as-email\" aria-required=\"true\" aria-invalid=\"false\" value=\"\" type=\"email\" name=\"email-43\" \/><\/span> <\/label>\n<\/p>\n<p><label> Votre num\u00e9ro de t\u00e9l\u00e9phone (obligatoire)<br \/>\n<span class=\"wpcf7-form-control-wrap\" data-name=\"text-42\"><input size=\"40\" maxlength=\"400\" class=\"wpcf7-form-control wpcf7-text wpcf7-validates-as-required\" aria-required=\"true\" aria-invalid=\"false\" value=\"\" type=\"text\" name=\"text-42\" \/><\/span> <\/label>\n<\/p>\n<p><label><span class=\"wpcf7-form-control-wrap\" data-name=\"acceptance-367\"><span class=\"wpcf7-form-control wpcf7-acceptance\"><span class=\"wpcf7-list-item\"><input type=\"checkbox\" name=\"acceptance-367\" value=\"1\" aria-invalid=\"false\" \/><\/span><\/span><\/span>En cochant cette case, vous acceptez les conditions g\u00e9n\u00e9rales de vente<br \/>\n<a href=\"http:\/\/watercleanonline.fr\/mentions-legales\/\">En savoir plus sur les CGV<\/a> <\/label>\n<\/p>\n<p><label><span class=\"wpcf7-form-control-wrap\" data-name=\"acceptance-609\"><span class=\"wpcf7-form-control wpcf7-acceptance\"><span class=\"wpcf7-list-item\"><input type=\"checkbox\" name=\"acceptance-609\" value=\"1\" aria-invalid=\"false\" \/><\/span><\/span><\/span>En cochant cette case, vous acceptez que les donn\u00e9es renseign\u00e9es soient enregistr\u00e9es et utilis\u00e9es par WaterCleanOnline afin de vous contacter dans le cadre de la r\u00e9alisation de l'\u00e9tude d'assainissement.<br \/>\n<a href=\"http:\/\/watercleanonline.fr\/mentions-legales\/\">En savoir plus sur les donn\u00e9es collect\u00e9es<\/a> <\/label>\n<\/p>\n<p><input class=\"wpcf7-form-control wpcf7-submit has-spinner\" type=\"submit\" value=\"Envoyer\" \/>\n<\/p><div class=\"wpcf7-response-output\" aria-hidden=\"true\"><\/div>\n<\/form>\n<\/div>\n\n","protected":false},"excerpt":{"rendered":"<p>Pr\u00e9sentation Votre habitation ne peut pas \u00eatre raccord\u00e9e au r\u00e9seau d\u2019assainissement collectif, une \u00e9tude d\u2019assainissement est n\u00e9cessaire ? Water Clean Online vous accompagne dans la conception d\u2019un syst\u00e8me adapt\u00e9 \u00e0 &#8230;<\/p>\n","protected":false},"author":1,"featured_media":0,"parent":0,"menu_order":0,"comment_status":"closed","ping_status":"closed","template":"","meta":{"footnotes":""},"class_list":["post-216","page","type-page","status-publish","hentry"],"_links":{"self":[{"href":"https:\/\/watercleanonline.fr\/index.php?rest_route=\/wp\/v2\/pages\/216","targetHints":{"allow":["GET"]}}],"collection":[{"href":"https:\/\/watercleanonline.fr\/index.php?rest_route=\/wp\/v2\/pages"}],"about":[{"href":"https:\/\/watercleanonline.fr\/index.php?rest_route=\/wp\/v2\/types\/page"}],"author":[{"embeddable":true,"href":"https:\/\/watercleanonline.fr\/index.php?rest_route=\/wp\/v2\/users\/1"}],"replies":[{"embeddable":true,"href":"https:\/\/watercleanonline.fr\/index.php?rest_route=%2Fwp%2Fv2%2Fcomments&post=216"}],"version-history":[{"count":16,"href":"https:\/\/watercleanonline.fr\/index.php?rest_route=\/wp\/v2\/pages\/216\/revisions"}],"predecessor-version":[{"id":422,"href":"https:\/\/watercleanonline.fr\/index.php?rest_route=\/wp\/v2\/pages\/216\/revisions\/422"}],"wp:attachment":[{"href":"https:\/\/watercleanonline.fr\/index.php?rest_route=%2Fwp%2Fv2%2Fmedia&parent=216"}],"curies":[{"name":"wp","href":"https:\/\/api.w.org\/{rel}","templated":true}]}}