{"id":218,"date":"2018-06-25T07:48:01","date_gmt":"2018-06-25T07:48:01","guid":{"rendered":"http:\/\/watercleanonline.fr\/?page_id=218"},"modified":"2018-07-30T13:39:01","modified_gmt":"2018-07-30T13:39:01","slug":"suivi-et-entretien","status":"publish","type":"page","link":"https:\/\/watercleanonline.fr\/?page_id=218","title":{"rendered":"Suivi et entretien"},"content":{"rendered":"\t\t<div data-elementor-type=\"wp-post\" data-elementor-id=\"218\" class=\"elementor elementor-218 elementor-bc-flex-widget\">\n\t\t\t\t\t\t<section class=\"elementor-section elementor-top-section elementor-element elementor-element-024458c elementor-section-boxed elementor-section-height-default elementor-section-height-default\" data-id=\"024458c\" data-element_type=\"section\" data-e-type=\"section\">\n\t\t\t\t\t\t<div class=\"elementor-container elementor-column-gap-default\">\n\t\t\t\t\t<div class=\"elementor-column elementor-col-100 elementor-top-column elementor-element elementor-element-bc9c30f\" data-id=\"bc9c30f\" data-element_type=\"column\" data-e-type=\"column\">\n\t\t\t<div class=\"elementor-widget-wrap elementor-element-populated\">\n\t\t\t\t\t\t<section class=\"elementor-section elementor-inner-section elementor-element elementor-element-21420b4 elementor-section-boxed elementor-section-height-default elementor-section-height-default\" data-id=\"21420b4\" data-element_type=\"section\" data-e-type=\"section\">\n\t\t\t\t\t\t<div class=\"elementor-container elementor-column-gap-default\">\n\t\t\t\t\t<div class=\"elementor-column elementor-col-100 elementor-inner-column elementor-element elementor-element-02efaac\" data-id=\"02efaac\" data-element_type=\"column\" data-e-type=\"column\" data-settings=\"{&quot;background_background&quot;:&quot;classic&quot;}\">\n\t\t\t<div class=\"elementor-widget-wrap elementor-element-populated\">\n\t\t\t\t\t\t<div class=\"elementor-element elementor-element-f168bc8 elementor-widget elementor-widget-heading\" data-id=\"f168bc8\" data-element_type=\"widget\" data-e-type=\"widget\" data-widget_type=\"heading.default\">\n\t\t\t\t<div class=\"elementor-widget-container\">\n\t\t\t\t\t<h3 class=\"elementor-heading-title elementor-size-default\">Pourquoi confier l\u2019entretien de votre assainissement ?<\/h3>\t\t\t\t<\/div>\n\t\t\t\t<\/div>\n\t\t\t\t\t<\/div>\n\t\t<\/div>\n\t\t\t\t\t<\/div>\n\t\t<\/section>\n\t\t\t\t<section class=\"elementor-section elementor-inner-section elementor-element elementor-element-fee5387 elementor-section-boxed elementor-section-height-default elementor-section-height-default\" data-id=\"fee5387\" data-element_type=\"section\" data-e-type=\"section\">\n\t\t\t\t\t\t<div class=\"elementor-container elementor-column-gap-default\">\n\t\t\t\t\t<div class=\"elementor-column elementor-col-50 elementor-inner-column elementor-element elementor-element-34d9aa1\" data-id=\"34d9aa1\" data-element_type=\"column\" data-e-type=\"column\">\n\t\t\t<div class=\"elementor-widget-wrap elementor-element-populated\">\n\t\t\t\t\t\t<div class=\"elementor-element elementor-element-1c39d11 elementor-widget elementor-widget-text-editor\" data-id=\"1c39d11\" data-element_type=\"widget\" data-e-type=\"widget\" data-widget_type=\"text-editor.default\">\n\t\t\t\t<div class=\"elementor-widget-container\">\n\t\t\t\t\t\t\t\t\t<ul><li>Un entretien r\u00e9gulier est n\u00e9cessaire pour maintenirvotre installation en bon \u00e9tat de fonctionnement<\/li><li>L\u2019assurance d\u2019une vidange r\u00e9alis\u00e9e dans les temps ni trop t\u00f4t ni trop tard.<br \/>Une vidange r\u00e9alis\u00e9e trop tard va endommager votre installation en colmatant la fili\u00e8re de<br \/>traitement, r\u00e9alis\u00e9e trop t\u00f4t, elle est n\u00e9faste pour l\u2019environnement (emprunte Carbonne, consommation de CO2 li\u00e9es \u00e0 la circulation des v\u00e9hicules).<\/li><li>Un certificat d\u2019entretien est d\u00e9livr\u00e9, utile dans le cadre des transactions immobili\u00e8res (lors<br \/>des diagnostics) mais aussi dans le cadre de contentieux.<\/li><\/ul>\t\t\t\t\t\t\t\t<\/div>\n\t\t\t\t<\/div>\n\t\t\t\t\t<\/div>\n\t\t<\/div>\n\t\t\t\t<div class=\"elementor-column elementor-col-50 elementor-inner-column elementor-element elementor-element-e58fa9d\" data-id=\"e58fa9d\" data-element_type=\"column\" data-e-type=\"column\">\n\t\t\t<div class=\"elementor-widget-wrap elementor-element-populated\">\n\t\t\t\t\t\t<div class=\"elementor-element elementor-element-877a79a elementor-widget elementor-widget-image\" data-id=\"877a79a\" data-element_type=\"widget\" data-e-type=\"widget\" data-widget_type=\"image.default\">\n\t\t\t\t<div class=\"elementor-widget-container\">\n\t\t\t\t\t\t\t\t\t\t\t\t\t\t\t<img fetchpriority=\"high\" decoding=\"async\" width=\"482\" height=\"312\" src=\"https:\/\/watercleanonline.fr\/wp-content\/uploads\/2017\/06\/logo-wco.png\" class=\"attachment-large size-large wp-image-9\" alt=\"\" srcset=\"https:\/\/watercleanonline.fr\/wp-content\/uploads\/2017\/06\/logo-wco.png 482w, https:\/\/watercleanonline.fr\/wp-content\/uploads\/2017\/06\/logo-wco-300x194.png 300w\" sizes=\"(max-width: 482px) 100vw, 482px\" \/>\t\t\t\t\t\t\t\t\t\t\t\t\t\t\t<\/div>\n\t\t\t\t<\/div>\n\t\t\t\t\t<\/div>\n\t\t<\/div>\n\t\t\t\t\t<\/div>\n\t\t<\/section>\n\t\t\t\t\t<\/div>\n\t\t<\/div>\n\t\t\t\t\t<\/div>\n\t\t<\/section>\n\t\t\t\t<section class=\"elementor-section elementor-top-section elementor-element elementor-element-2c11f89 elementor-section-boxed elementor-section-height-default elementor-section-height-default\" data-id=\"2c11f89\" data-element_type=\"section\" data-e-type=\"section\">\n\t\t\t\t\t\t<div class=\"elementor-container elementor-column-gap-default\">\n\t\t\t\t\t<div class=\"elementor-column elementor-col-100 elementor-top-column elementor-element elementor-element-4c72a1e\" data-id=\"4c72a1e\" data-element_type=\"column\" data-e-type=\"column\">\n\t\t\t<div class=\"elementor-widget-wrap elementor-element-populated\">\n\t\t\t\t\t\t<div class=\"elementor-element elementor-element-b415acd elementor-widget elementor-widget-spacer\" data-id=\"b415acd\" data-element_type=\"widget\" data-e-type=\"widget\" data-widget_type=\"spacer.default\">\n\t\t\t\t<div class=\"elementor-widget-container\">\n\t\t\t\t\t\t\t<div class=\"elementor-spacer\">\n\t\t\t<div class=\"elementor-spacer-inner\"><\/div>\n\t\t<\/div>\n\t\t\t\t\t\t<\/div>\n\t\t\t\t<\/div>\n\t\t\t\t\t<\/div>\n\t\t<\/div>\n\t\t\t\t\t<\/div>\n\t\t<\/section>\n\t\t\t\t<section class=\"elementor-section elementor-top-section elementor-element elementor-element-140231c elementor-section-boxed elementor-section-height-default elementor-section-height-default\" data-id=\"140231c\" data-element_type=\"section\" data-e-type=\"section\">\n\t\t\t\t\t\t<div class=\"elementor-container elementor-column-gap-default\">\n\t\t\t\t\t<div class=\"elementor-column elementor-col-100 elementor-top-column elementor-element elementor-element-0edd0af\" data-id=\"0edd0af\" data-element_type=\"column\" data-e-type=\"column\">\n\t\t\t<div class=\"elementor-widget-wrap elementor-element-populated\">\n\t\t\t\t\t\t<section class=\"elementor-section elementor-inner-section elementor-element elementor-element-296822b elementor-section-boxed elementor-section-height-default elementor-section-height-default\" data-id=\"296822b\" data-element_type=\"section\" data-e-type=\"section\">\n\t\t\t\t\t\t<div class=\"elementor-container elementor-column-gap-default\">\n\t\t\t\t\t<div class=\"elementor-column elementor-col-100 elementor-inner-column elementor-element elementor-element-7893657\" data-id=\"7893657\" data-element_type=\"column\" data-e-type=\"column\" data-settings=\"{&quot;background_background&quot;:&quot;classic&quot;}\">\n\t\t\t<div class=\"elementor-widget-wrap elementor-element-populated\">\n\t\t\t\t\t\t<div class=\"elementor-element elementor-element-5cd847c elementor-widget elementor-widget-heading\" data-id=\"5cd847c\" data-element_type=\"widget\" data-e-type=\"widget\" data-widget_type=\"heading.default\">\n\t\t\t\t<div class=\"elementor-widget-container\">\n\t\t\t\t\t<h3 class=\"elementor-heading-title elementor-size-default\">Water Clean Online vous propose de r\u00e9aliser la maintenance annuelle de votre assainissement :<\/h3>\t\t\t\t<\/div>\n\t\t\t\t<\/div>\n\t\t\t\t\t<\/div>\n\t\t<\/div>\n\t\t\t\t\t<\/div>\n\t\t<\/section>\n\t\t\t\t<section class=\"elementor-section elementor-inner-section elementor-element elementor-element-af830ae elementor-section-boxed elementor-section-height-default elementor-section-height-default\" data-id=\"af830ae\" data-element_type=\"section\" data-e-type=\"section\">\n\t\t\t\t\t\t<div class=\"elementor-container elementor-column-gap-default\">\n\t\t\t\t\t<div class=\"elementor-column elementor-col-50 elementor-inner-column elementor-element elementor-element-3eba834\" data-id=\"3eba834\" data-element_type=\"column\" data-e-type=\"column\">\n\t\t\t<div class=\"elementor-widget-wrap elementor-element-populated\">\n\t\t\t\t\t\t<div class=\"elementor-element elementor-element-7a85aae elementor-widget elementor-widget-text-editor\" data-id=\"7a85aae\" data-element_type=\"widget\" data-e-type=\"widget\" data-widget_type=\"text-editor.default\">\n\t\t\t\t<div class=\"elementor-widget-container\">\n\t\t\t\t\t\t\t\t\t<p>Pour les fili\u00e8res traditionnelles, nous effectuons :<\/p><ul><li>Le nettoyage des regards en amont de la fosse<\/li><li>Le nettoyage du pr\u00e9filtre de la fosse toutes eaux<\/li><li>La mesure du niveau de boue<\/li><li>Le nettoyage du regard de r\u00e9partition<\/li><li>Le nettoyage du regard de bouclage<\/li><li>Le nettoyage du regard de collecte<\/li><li>La v\u00e9rification du bon fonctionnement du poste de relevage<\/li><li>La vidange de la fosse lorsque cela est n\u00e9cessaire<\/li><\/ul><p>Pour les fili\u00e8res agr\u00e9es, nous nous engageons \u00e0 respecter les prescriptions d\u00e9finies par le constructeur aussi bien en termes d&rsquo;entretien que de vidange.<\/p><p>Lors de chaque intervention, WaterCleanOnline\u00a0 vous fournira un rapport technique de l&rsquo;intervention avec planche photographique.<\/p><p>Pour les installations de grande tailles (&gt;20EH), nous nous engageons \u00e0 r\u00e9aliser un cahier de vie conforme \u00e0 la r\u00e9glementation et \u00e0 le tenir ) disposition du SPANC.\u00a0<\/p>\t\t\t\t\t\t\t\t<\/div>\n\t\t\t\t<\/div>\n\t\t\t\t\t<\/div>\n\t\t<\/div>\n\t\t\t\t<div class=\"elementor-column elementor-col-50 elementor-inner-column elementor-element elementor-element-90d805f\" data-id=\"90d805f\" data-element_type=\"column\" data-e-type=\"column\">\n\t\t\t<div class=\"elementor-widget-wrap elementor-element-populated\">\n\t\t\t\t\t\t<div class=\"elementor-element elementor-element-8f32793 elementor-widget elementor-widget-image\" data-id=\"8f32793\" data-element_type=\"widget\" data-e-type=\"widget\" data-widget_type=\"image.default\">\n\t\t\t\t<div class=\"elementor-widget-container\">\n\t\t\t\t\t\t\t\t\t\t\t\t\t\t\t<img decoding=\"async\" width=\"248\" height=\"200\" src=\"https:\/\/watercleanonline.fr\/wp-content\/uploads\/2017\/09\/entretien.png\" class=\"attachment-large size-large wp-image-125\" alt=\"\" \/>\t\t\t\t\t\t\t\t\t\t\t\t\t\t\t<\/div>\n\t\t\t\t<\/div>\n\t\t\t\t<div class=\"elementor-element elementor-element-01e5845 elementor-widget elementor-widget-spacer\" data-id=\"01e5845\" data-element_type=\"widget\" data-e-type=\"widget\" data-widget_type=\"spacer.default\">\n\t\t\t\t<div class=\"elementor-widget-container\">\n\t\t\t\t\t\t\t<div class=\"elementor-spacer\">\n\t\t\t<div class=\"elementor-spacer-inner\"><\/div>\n\t\t<\/div>\n\t\t\t\t\t\t<\/div>\n\t\t\t\t<\/div>\n\t\t\t\t<div class=\"elementor-element elementor-element-bce6b0b elementor-widget elementor-widget-image\" data-id=\"bce6b0b\" data-element_type=\"widget\" data-e-type=\"widget\" data-widget_type=\"image.default\">\n\t\t\t\t<div class=\"elementor-widget-container\">\n\t\t\t\t\t\t\t\t\t\t\t\t\t\t\t<img decoding=\"async\" width=\"300\" height=\"258\" src=\"https:\/\/watercleanonline.fr\/wp-content\/uploads\/2018\/07\/norme-entetien.jpg\" class=\"attachment-large size-large wp-image-391\" alt=\"\" \/>\t\t\t\t\t\t\t\t\t\t\t\t\t\t\t<\/div>\n\t\t\t\t<\/div>\n\t\t\t\t\t<\/div>\n\t\t<\/div>\n\t\t\t\t\t<\/div>\n\t\t<\/section>\n\t\t\t\t<div class=\"elementor-element elementor-element-8e895d2 elementor-widget elementor-widget-spacer\" data-id=\"8e895d2\" data-element_type=\"widget\" data-e-type=\"widget\" data-widget_type=\"spacer.default\">\n\t\t\t\t<div class=\"elementor-widget-container\">\n\t\t\t\t\t\t\t<div class=\"elementor-spacer\">\n\t\t\t<div class=\"elementor-spacer-inner\"><\/div>\n\t\t<\/div>\n\t\t\t\t\t\t<\/div>\n\t\t\t\t<\/div>\n\t\t\t\t<div class=\"elementor-element elementor-element-0d2c396 elementor-widget elementor-widget-text-editor\" data-id=\"0d2c396\" data-element_type=\"widget\" data-e-type=\"widget\" data-widget_type=\"text-editor.default\">\n\t\t\t\t<div class=\"elementor-widget-container\">\n\t\t\t\t\t\t\t\t\t<p>\n<div class=\"wpcf7 no-js\" id=\"wpcf7-f403-o1\" lang=\"fr-FR\" dir=\"ltr\" data-wpcf7-id=\"403\">\n<div class=\"screen-reader-response\"><p role=\"status\" aria-live=\"polite\" aria-atomic=\"true\"><\/p> <ul><\/ul><\/div>\n<form action=\"\/index.php?rest_route=%2Fwp%2Fv2%2Fpages%2F218#wpcf7-f403-o1\" method=\"post\" class=\"wpcf7-form init\" aria-label=\"Formulaire de contact\" novalidate=\"novalidate\" data-status=\"init\">\n<fieldset class=\"hidden-fields-container\"><input type=\"hidden\" name=\"_wpcf7\" value=\"403\" \/><input type=\"hidden\" name=\"_wpcf7_version\" value=\"6.1.5\" \/><input type=\"hidden\" name=\"_wpcf7_locale\" value=\"fr_FR\" \/><input type=\"hidden\" name=\"_wpcf7_unit_tag\" value=\"wpcf7-f403-o1\" \/><input type=\"hidden\" name=\"_wpcf7_container_post\" value=\"0\" \/><input type=\"hidden\" name=\"_wpcf7_posted_data_hash\" value=\"\" \/><input type=\"hidden\" name=\"_wpcf7_recaptcha_response\" value=\"\" \/>\n<\/fieldset>\n<p><label> Votre nom (obligatoire)<br \/>\n<span class=\"wpcf7-form-control-wrap\" data-name=\"your-name\"><input size=\"40\" maxlength=\"400\" class=\"wpcf7-form-control wpcf7-text wpcf7-validates-as-required\" aria-required=\"true\" aria-invalid=\"false\" value=\"\" type=\"text\" name=\"your-name\" \/><\/span> <\/label>\n<\/p>\n<p><label> Votre pr\u00e9nom (obligatoire)<br \/>\n<span class=\"wpcf7-form-control-wrap\" data-name=\"your-firstname\"><input size=\"40\" maxlength=\"400\" class=\"wpcf7-form-control wpcf7-text wpcf7-validates-as-required\" aria-required=\"true\" aria-invalid=\"false\" value=\"\" type=\"text\" name=\"your-firstname\" \/><\/span> <\/label>\n<\/p>\n<p><label> Votre adresse de messagerie (obligatoire)<br \/>\n<span class=\"wpcf7-form-control-wrap\" data-name=\"your-email\"><input size=\"40\" maxlength=\"400\" class=\"wpcf7-form-control wpcf7-email wpcf7-validates-as-required wpcf7-text wpcf7-validates-as-email\" aria-required=\"true\" aria-invalid=\"false\" value=\"\" type=\"email\" name=\"your-email\" \/><\/span> <\/label>\n<\/p>\n<p><label> Votre num\u00e9ro de t\u00e9l\u00e9phone (obligatoire)<br \/>\n<span class=\"wpcf7-form-control-wrap\" data-name=\"text-599\"><input size=\"40\" maxlength=\"400\" class=\"wpcf7-form-control wpcf7-text wpcf7-validates-as-required\" aria-required=\"true\" aria-invalid=\"false\" value=\"\" type=\"text\" name=\"text-599\" \/><\/span> <\/label>\n<\/p>\n<p><label><span class=\"wpcf7-form-control-wrap\" data-name=\"acceptance-367\"><span class=\"wpcf7-form-control wpcf7-acceptance\"><span class=\"wpcf7-list-item\"><input type=\"checkbox\" name=\"acceptance-367\" value=\"1\" aria-invalid=\"false\" \/><\/span><\/span><\/span>En cochant cette case, vous acceptez les conditions g\u00e9n\u00e9rales de vente<br \/>\n<a href=\"http:\/\/watercleanonline.fr\/mentions-legales\/\">En savoir plus sur les CGV<\/a> <\/label>\n<\/p>\n<p><label><span class=\"wpcf7-form-control-wrap\" data-name=\"acceptance-609\"><span class=\"wpcf7-form-control wpcf7-acceptance\"><span class=\"wpcf7-list-item\"><input type=\"checkbox\" name=\"acceptance-609\" value=\"1\" aria-invalid=\"false\" \/><\/span><\/span><\/span>En cochant cette case, vous acceptez que les donn\u00e9es renseign\u00e9es soient enregistr\u00e9es et utilis\u00e9es par WaterCleanOnline afin de vous contacter dans le cadre de la r\u00e9alisation de maintenance d&rsquo;assainissement.<br \/>\n<a href=\"http:\/\/watercleanonline.fr\/mentions-legales\/\">En savoir plus sur les donn\u00e9es collect\u00e9es<\/a> <\/label>\n<\/p>\n<p><input class=\"wpcf7-form-control wpcf7-submit has-spinner\" type=\"submit\" value=\"Envoyer\" \/>\n<\/p><div class=\"wpcf7-response-output\" aria-hidden=\"true\"><\/div>\n<\/form>\n<\/div>\n<\/p>\t\t\t\t\t\t\t\t<\/div>\n\t\t\t\t<\/div>\n\t\t\t\t\t<\/div>\n\t\t<\/div>\n\t\t\t\t\t<\/div>\n\t\t<\/section>\n\t\t\t\t<\/div>\n\t\t","protected":false},"excerpt":{"rendered":"<p>Pourquoi confier l\u2019entretien de votre assainissement ? Un entretien r\u00e9gulier est n\u00e9cessaire pour maintenirvotre installation en bon \u00e9tat de fonctionnement L\u2019assurance d\u2019une vidange r\u00e9alis\u00e9e dans les temps ni trop t\u00f4t &#8230;<\/p>\n","protected":false},"author":1,"featured_media":0,"parent":0,"menu_order":0,"comment_status":"closed","ping_status":"closed","template":"","meta":{"footnotes":""},"class_list":["post-218","page","type-page","status-publish","hentry"],"_links":{"self":[{"href":"https:\/\/watercleanonline.fr\/index.php?rest_route=\/wp\/v2\/pages\/218","targetHints":{"allow":["GET"]}}],"collection":[{"href":"https:\/\/watercleanonline.fr\/index.php?rest_route=\/wp\/v2\/pages"}],"about":[{"href":"https:\/\/watercleanonline.fr\/index.php?rest_route=\/wp\/v2\/types\/page"}],"author":[{"embeddable":true,"href":"https:\/\/watercleanonline.fr\/index.php?rest_route=\/wp\/v2\/users\/1"}],"replies":[{"embeddable":true,"href":"https:\/\/watercleanonline.fr\/index.php?rest_route=%2Fwp%2Fv2%2Fcomments&post=218"}],"version-history":[{"count":9,"href":"https:\/\/watercleanonline.fr\/index.php?rest_route=\/wp\/v2\/pages\/218\/revisions"}],"predecessor-version":[{"id":404,"href":"https:\/\/watercleanonline.fr\/index.php?rest_route=\/wp\/v2\/pages\/218\/revisions\/404"}],"wp:attachment":[{"href":"https:\/\/watercleanonline.fr\/index.php?rest_route=%2Fwp%2Fv2%2Fmedia&parent=218"}],"curies":[{"name":"wp","href":"https:\/\/api.w.org\/{rel}","templated":true}]}}